{"id":6027,"date":"2024-10-02T18:13:15","date_gmt":"2024-10-02T16:13:15","guid":{"rendered":"https:\/\/oleotourcazorla.com\/mentions-legales\/"},"modified":"2024-10-02T18:13:15","modified_gmt":"2024-10-02T16:13:15","slug":"mentions-legales","status":"publish","type":"page","link":"http:\/\/oleotourcazorla.com\/fr\/mentions-legales\/","title":{"rendered":"Mentions l\u00e9gales"},"content":{"rendered":"<p><strong>1. Donn\u00e9es d&rsquo;identification :<\/strong><\/p>\n<p>Conform\u00e9ment \u00e0 la loi 34\/2002 sur les services de la soci\u00e9t\u00e9 de l&rsquo;information et le commerce \u00e9lectronique (ci-apr\u00e8s LSSI-CE), les donn\u00e9es d&rsquo;identification sont d\u00e9taill\u00e9es :<\/p>\n<ul>\n<li>Nom de domaine : https:\/\/aceitescazorla.com<\/li>\n<li>Nom de l\u2019entreprise : ACEITES CAZORLA S.C.A.<\/li>\n<li>CIF : F23009384<\/li>\n<li>Si\u00e8ge social : Carretera de Peal \u00e0 Cazorla, Km. 10,5 ; 23470 Cazorla (Ja\u00e9n)<\/li>\n<li>Espagne<\/li>\n<li>T\u00e9l\u00e9phone : 953724031<\/li>\n<li>Courriel : cazorla@aceitescazorla.com<\/li>\n<\/ul>\n<p><strong>2. Collecte, traitement et utilisation des donn\u00e9es personnelles sur le site Internet :<\/strong><\/p>\n<p>Sur la base des dispositions du R\u00e8glement G\u00e9n\u00e9ral sur la Protection des Donn\u00e9es 2016\/679 (RGPD) et de la Loi Organique 3\/2018, sur la Protection des Donn\u00e9es Personnelles et la Garantie des Droits Num\u00e9riques (LOPDGDD), nous vous informons que pour faire usage de certains des services propos\u00e9s par notre site Internet, il peut \u00eatre n\u00e9cessaire que vous nous fournissiez certaines donn\u00e9es personnelles qui seront int\u00e9gr\u00e9es dans des fichiers automatis\u00e9s.<\/p>\n<p>Conforme aux nouvelles dispositions du r\u00e8glement (UE) 2016\/679 du Parlement europ\u00e9en et du Conseil du 27 avril 2016 et de la loi organique 3\/2018 du 5 d\u00e9cembre relative \u00e0 la protection des donn\u00e9es personnelles et \u00e0 la garantie des droits num\u00e9riques, relative \u00e0 la protection des personnes physiques \u00e0 l&rsquo;\u00e9gard du traitement des donn\u00e9es personnelles et de la libre circulation de ces donn\u00e9es et par laquelle la directive 95\/46\/CE est abrog\u00e9e, nous vous informons que le responsable du traitement est ACEITES CAZORLA S.C.A., dont le si\u00e8ge social est situ\u00e9 \u00e0 Carretera. de Peal \u00e0 Cazorla, Km. 10,5; 23470 Cazorla (Ja\u00e9n) Espagne<\/p>\n<p>En g\u00e9n\u00e9ral, les donn\u00e9es collect\u00e9es seront trait\u00e9es dans le but de fournir les services offerts sur le site Web ou de r\u00e9pondre \u00e0 d&rsquo;autres types de relations pouvant survenir avec ACEITES CAZORLA S.C.A. en cons\u00e9quence des demandes, proc\u00e9dures ou proc\u00e9dures que l&rsquo;utilisateur effectue via le site Web. Les donn\u00e9es soumises au traitement seront celles que vous nous fournirez \u00e0 travers les formulaires que contient la page \u00e0 tout moment ou \u00e0 travers les e-mails que l&rsquo;Utilisateur envoie aux adresses e-mail qui y sont identifi\u00e9es, ainsi que toutes autres g\u00e9n\u00e9r\u00e9es lors de la maintenance de. la relation correspondante.<\/p>\n<p>Tous les champs qui apparaissent comme obligatoires dans l&rsquo;un des formulaires doivent n\u00e9cessairement \u00eatre remplis, de telle sorte que l&rsquo;omission de l&rsquo;un d&rsquo;entre eux pourrait nous emp\u00eacher de r\u00e9pondre \u00e0 votre demande ou de vous fournir les services correspondants.<\/p>\n<p>De plus, lors de cette collecte de donn\u00e9es, votre consentement pourra \u00eatre demand\u00e9 pour une autre s\u00e9rie de finalit\u00e9s qui ne sont pas directement li\u00e9es au service ou \u00e0 la relation correspondante. Dans le cas o\u00f9 vous n\u2019accepteriez pas de tels traitements compl\u00e9mentaires, veuillez cocher la case pr\u00e9vue \u00e0 cet effet le cas \u00e9ch\u00e9ant.<\/p>\n<p><strong>3. Finalit\u00e9 du traitement des donn\u00e9es personnelles:<\/strong><\/p>\n<p><strong>3.1. Dans quel but traiterons-nous vos donn\u00e9es personnelles?<\/strong><\/p>\n<p>Chez ACEITES CAZORLA S.C.A. Nous traiterons vos donn\u00e9es personnelles collect\u00e9es via le site Web aux fins suivantes :<\/p>\n<ul>\n<li>Envoi des coordonn\u00e9es demand\u00e9es via les formulaires fournis sur le site Web.<br \/>\n* Collecte de donn\u00e9es et de curriculum vitae des personnes int\u00e9ress\u00e9es \u00e0 participer aux processus de s\u00e9lection du personnel pour l&#8217;embauche d&#8217;employ\u00e9s dans les entreprises appartenant \u00e0 ACEITES CAZORLA S.C.A. .<\/li>\n<\/ul>\n<p>Nous vous rappelons que vous pouvez vous opposer \u00e0 l&rsquo;envoi de communications commerciales par tout moyen et \u00e0 tout moment, en envoyant un email \u00e0 l&rsquo;adresse email indiqu\u00e9e ci-dessus.<\/p>\n<p>Les champs de ces enregistrements doivent \u00eatre compl\u00e9t\u00e9s et il est impossible d&rsquo;atteindre les objectifs d\u00e9clar\u00e9s si ces donn\u00e9es ne sont pas fournies.<\/p>\n<p><strong>3.2. Combien de temps les donn\u00e9es personnelles collect\u00e9es sont-elles conserv\u00e9es ?<\/strong><\/p>\n<p>Les donn\u00e9es personnelles fournies seront conserv\u00e9es aussi longtemps que la relation commerciale est maintenue ou que vous ne demandez pas leur suppression et pendant la p\u00e9riode pendant laquelle des responsabilit\u00e9s l\u00e9gales peuvent na\u00eetre pour les services fournis<\/p>\n<p><strong>4. L\u00e9gitimation :<\/strong><\/p>\n<p>Le traitement de vos donn\u00e9es est effectu\u00e9 avec les bases juridiques suivantes qui le l\u00e9gitiment :<\/p>\n<ul>\n<li>La demande d&rsquo;informations et\/ou le recours aux services de ACEITES CAZORLA S.C.A. , dont les termes et conditions seront mis \u00e0 votre disposition dans tous les cas, pr\u00e9alablement \u00e0 un \u00e9ventuel contrat.<\/li>\n<li>Consentement libre, sp\u00e9cifique, \u00e9clair\u00e9 et sans \u00e9quivoque, comme nous vous l&rsquo;informons en mettant \u00e0 votre disposition cette politique de confidentialit\u00e9, qu&rsquo;apr\u00e8s l&rsquo;avoir lue, si vous l&rsquo;acceptez, vous pouvez l&rsquo;accepter au moyen d&rsquo;une d\u00e9claration ou d&rsquo;une action positive claire, comme cocher une case pr\u00e9vue \u00e0 cet effet. \u00e0 cet effet.<\/li>\n<\/ul>\n<p>Si vous ne nous fournissez pas vos donn\u00e9es ou si vous les fournissez de mani\u00e8re incorrecte ou incompl\u00e8te, nous ne serons pas en mesure de r\u00e9pondre \u00e0 votre demande, ce qui rendra totalement impossible de vous fournir les informations demand\u00e9es ou d&rsquo;effectuer la sous-traitance des services.<\/p>\n<p><strong>5. Destinataires:<\/strong><\/p>\n<p>Vos donn\u00e9es seront conserv\u00e9es sous des mesures de s\u00e9curit\u00e9 strictes qui garantissent leur confidentialit\u00e9 et leur s\u00e9curit\u00e9.<\/p>\n<ul>\n<li>De m\u00eame, ils seront transf\u00e9r\u00e9s uniquement aux entit\u00e9s et aux fins suivantes :<\/li>\n<li>Entit\u00e9s et fournisseurs qui fournissent des services \u00e0 ACEITES CAZORLA S.C.A. pour la bonne ex\u00e9cution de la vente de nos produits ou services. Ces entit\u00e9s et fournisseurs sont d\u00fbment accr\u00e9dit\u00e9s et signent avec nous le contrat de traitement de donn\u00e9es correspondant dans le respect de la r\u00e9glementation en vigueur sur la protection des donn\u00e9es.<br \/>\nOrganisations et entit\u00e9s officielles dans le respect des r\u00e9glementations et lois en vigueur.<\/li>\n<\/ul>\n<p>Tout transfert international de donn\u00e9es lors de l&rsquo;utilisation d&rsquo;applications am\u00e9ricaines respectera l&rsquo;accord Privacy Shield, qui garantit que les \u00e9diteurs de logiciels am\u00e9ricains respectent les politiques europ\u00e9ennes de protection des donn\u00e9es en mati\u00e8re de confidentialit\u00e9.<\/p>\n<p>Les donn\u00e9es ne seront communiqu\u00e9es \u00e0 aucun tiers autre que ACEITES CAZORLA S.C.A. , sauf obligation l\u00e9gale.<\/p>\n<p><strong>6. Droits:<\/strong><\/p>\n<p>En tant que personne int\u00e9ress\u00e9e qui nous a fourni vos donn\u00e9es personnelles, vous avez le droit d&rsquo;obtenir la confirmation si ACEITES CAZORLA S.C.A. Nous traitons vos donn\u00e9es personnelles et vous avez notamment le droit d&rsquo;exercer les droits suivants que la r\u00e9glementation sur la protection des donn\u00e9es reconna\u00eet, conform\u00e9ment \u00e0 ses dispositions :<\/p>\n<ul>\n<li>Droit d\u2019ACC\u00c8S \u00e0 vos donn\u00e9es personnelles.<\/li>\n<li>Droits de demander la RECTIFICATION de donn\u00e9es inexactes.<\/li>\n<li>Droit de demander leur SUPPRESSION lorsque, entre autres raisons, les donn\u00e9es ne sont plus n\u00e9cessaires aux fins pour lesquelles elles ont \u00e9t\u00e9 collect\u00e9es.<\/li>\n<li>Dans certaines circonstances, vous pouvez demander la LIMITATION DU TRAITEMENT de vos donn\u00e9es, auquel cas nous les conserverons uniquement pour l&rsquo;exercice ou la d\u00e9fense de r\u00e9clamations.<\/li>\n<li>Dans certaines circonstances et pour des raisons li\u00e9es \u00e0 leur situation particuli\u00e8re, les personnes int\u00e9ress\u00e9es peuvent exercer leur droit d&rsquo;OPPOSITION au traitement de leurs donn\u00e9es. Nous cesserons de traiter les donn\u00e9es, sauf pour des raisons l\u00e9gitimes et imp\u00e9rieuses, ou pour l&rsquo;exercice ou la d\u00e9fense d&rsquo;\u00e9ventuelles r\u00e9clamations.<\/li>\n<li>Dans certaines circonstances et pour des raisons li\u00e9es \u00e0 votre situation particuli\u00e8re, vous pouvez demander votre droit \u00e0 la PORTABILIT\u00c9 des donn\u00e9es.<\/li>\n<\/ul>\n<p>Vous pouvez exercer ces droits en envoyant une communication \u00e0 l&rsquo;adresse postale situ\u00e9e \u00e0 Carretera de Peal \u00e0 Cazorla, Km. 10,5 ; 23470 Cazorla (Ja\u00e9n) Espagne, ou via l&rsquo;adresse e-mail cazorla@aceitescazorla.com.<\/p>\n<p>Vous pouvez \u00e9galement consulter des informations compl\u00e9mentaires en contactant les entreprises via notre adresse postale ou email.<\/p>\n<p>En outre, en cas de violation de l&rsquo;un de vos droits, l&rsquo;int\u00e9ress\u00e9 a le droit de d\u00e9poser une r\u00e9clamation aupr\u00e8s de l&rsquo;Agence espagnole de protection des donn\u00e9es (AEPD), \u00e0 C\/ Jorge Juan, 6, 28001-Madrid ou aupr\u00e8s du si\u00e8ge social. \u00e9lectronique de l&rsquo;AEPD : https:\/\/sedeagpd.gob.es\/sede-electronica-web\/.<\/p>\n<p>7. Responsabilit\u00e9s :<\/p>\n<p>CAZORLA HUILES S.C.A. s&rsquo;efforce d&rsquo;\u00e9viter toute erreur dans le contenu pouvant appara\u00eetre sur ce site Web.<\/p>\n<p>CAZORLA HUILES S.C.A. n&rsquo;est pas responsable des contenus, activit\u00e9s commerciales, produits et services inclus qui pourraient \u00eatre consult\u00e9s via des liens \u00e9lectroniques (liens), directement ou indirectement, via ce site Web. La pr\u00e9sence de liens sur ce site Web, sauf indication expresse contraire, a un but purement informatif et n&rsquo;implique en aucun cas une suggestion, une invitation ou une recommandation \u00e0 leur sujet. Ces liens ne repr\u00e9sentent aucun type de relation entre ACEITES CAZORLA S.C.A. et les individus ou entreprises propri\u00e9taires des sites Web accessibles via ces liens.<\/p>\n<p>CAZORLA HUILES S.C.A. se r\u00e9serve le droit de supprimer unilat\u00e9ralement et \u00e0 tout moment les liens qui apparaissent sur son site Internet.<\/p>\n<p><strong>8. Navigation, acc\u00e8s et s\u00e9curit\u00e9 :<\/strong><\/p>\n<p>L&rsquo;acc\u00e8s, la navigation et l&rsquo;utilisation de ce site impliquent votre acceptation expresse et sans r\u00e9serve de tous les termes de la pr\u00e9sente Politique de Confidentialit\u00e9 et de Protection des Donn\u00e9es, ayant la m\u00eame validit\u00e9 et la m\u00eame efficacit\u00e9 que tout contrat conclu par \u00e9crit et sign\u00e9. En ce sens, l&rsquo;Utilisateur sera compris comme la personne qui acc\u00e8de, navigue, utilise ou participe aux services et activit\u00e9s, gratuits ou co\u00fbteux, d\u00e9velopp\u00e9s sur le Site.<\/p>\n<p>L&rsquo;acc\u00e8s, la navigation et l&rsquo;utilisation de ce site Web impliquent l&rsquo;acceptation expresse et sans r\u00e9serve de tous les avertissements l\u00e9gaux, conditions et modalit\u00e9s d&rsquo;utilisation contenus dans la pr\u00e9sente Politique de confidentialit\u00e9 et de protection des donn\u00e9es. CAZORLA HUILES S.C.A. met tout en \u0153uvre pour que la navigation s&rsquo;effectue dans les meilleures conditions et pour \u00e9viter les dommages de toute nature qui pourraient survenir lors de celle-ci. CAZORLA HUILES S.C.A. n&rsquo;est pas responsable et ne garantit pas que l&rsquo;acc\u00e8s \u00e0 ce site Web sera ininterrompu ou sans erreur. Il n&rsquo;est pas non plus responsable ni garanti que le contenu ou les logiciels accessibles via ce site Web soient exempts d&rsquo;erreurs ou causent des dommages. En aucun cas ACEITES CAZORLA S.C.A. sera responsable des pertes, dommages ou pertes de toute nature r\u00e9sultant de l&rsquo;acc\u00e8s et de l&rsquo;utilisation du site Web, y compris, mais sans s&rsquo;y limiter, ceux caus\u00e9s aux syst\u00e8mes informatiques ou ceux caus\u00e9s par l&rsquo;introduction de virus, et n&rsquo;est pas non plus responsable de tout dommage qui pourrait. \u00eatre caus\u00e9s aux utilisateurs en raison d&rsquo;une mauvaise utilisation de ce site Web. Les services propos\u00e9s sur ce Site ne peuvent \u00eatre utilis\u00e9s correctement que si les sp\u00e9cifications techniques pour lesquelles ils ont \u00e9t\u00e9 con\u00e7us sont respect\u00e9es.<\/p>\n<p>L&rsquo;acc\u00e8s \u00e0 ce site Web aux mineurs de moins de 14 ans est interdit, sauf autorisation pr\u00e9alable et expresse de leurs parents, tuteurs ou repr\u00e9sentants l\u00e9gaux, qui seront consid\u00e9r\u00e9s comme responsables des actes accomplis par les mineurs, conform\u00e9ment \u00e0 leur position. r\u00e9glementation en vigueur. En tout \u00e9tat de cause, il sera pr\u00e9sum\u00e9 que l&rsquo;acc\u00e8s d&rsquo;un mineur au Site a \u00e9t\u00e9 effectu\u00e9 avec l&rsquo;autorisation pr\u00e9alable et expresse de ses parents, tuteurs ou repr\u00e9sentants l\u00e9gaux.<\/p>\n<p>9. Propri\u00e9t\u00e9 intellectuelle et industrielle :<\/p>\n<p>Ce site Web et le contenu qu&rsquo;il h\u00e9berge sont prot\u00e9g\u00e9s par les lois sur la propri\u00e9t\u00e9 intellectuelle. Ils ne peuvent \u00eatre exploit\u00e9s, reproduits, distribu\u00e9s, modifi\u00e9s, communiqu\u00e9s publiquement, transf\u00e9r\u00e9s ou transform\u00e9s. L&rsquo;acc\u00e8s \u00e0 ce site Web ne conf\u00e8re aux utilisateurs aucun droit ni propri\u00e9t\u00e9 sur les droits de propri\u00e9t\u00e9 intellectuelle des contenus h\u00e9berg\u00e9s sur ce site Web. Si l&rsquo;utilisateur transf\u00e8re un logiciel de ce site Web vers son terminal, il ne pourra pas le diss\u00e9quer pour l&rsquo;\u00e9tudier, ni le d\u00e9compiler, ni traduire la version originale du code objet ou sa langue dans un autre code ou une autre langue. Le nom commercial, les marques, les logos, les produits et services contenus dans ce Site Internet sont prot\u00e9g\u00e9s par la loi. CAZORLA HUILES S.C.A. se r\u00e9serve le droit d&rsquo;engager les poursuites judiciaires appropri\u00e9es contre les utilisateurs qui violent ou enfreignent les droits de propri\u00e9t\u00e9 intellectuelle et industrielle.<br \/>\nPour faire tout type d&rsquo;observation concernant d&rsquo;\u00e9ventuelles violations des droits de propri\u00e9t\u00e9 intellectuelle ou industrielle, ainsi que sur tout contenu du site Web, vous pouvez le faire via les adresses e-mail cazorla@aceitescazorla.com ou aux adresses suivantes : Autoroute de Peal \u00e0 Cazorla, km.10,5; 23470 Cazorla (Ja\u00e9n) Espagne<\/p>\n<p><strong>10. Conditions suppl\u00e9mentaires :<\/strong><\/p>\n<p>L&rsquo;utilisateur qui saisit les donn\u00e9es est seul et ultime responsable de la v\u00e9racit\u00e9 des informations fournies dans le service et des modifications qui pourraient y \u00eatre apport\u00e9es jusqu&rsquo;\u00e0 la fin du service.<\/p>\n<p><strong>11. Informations sur les aspects techniques :<\/strong><\/p>\n<p>CAZORLA HUILES S.C.A. ne sera pas responsable des \u00e9ventuels dommages ou pertes pouvant r\u00e9sulter d&rsquo;interf\u00e9rences, omissions, interruptions, virus informatiques, pannes t\u00e9l\u00e9phoniques ou d\u00e9connexions dans le fonctionnement op\u00e9rationnel de ce syst\u00e8me \u00e9lectronique, caus\u00e9s par des causes ind\u00e9pendantes de la volont\u00e9 de ACEITES CAZORLA S.C.A. ; retards ou blocages dans l&rsquo;utilisation de ce syst\u00e8me \u00e9lectronique caus\u00e9s par des d\u00e9ficiences ou des surcharges de son centre de traitement des donn\u00e9es, des lignes t\u00e9l\u00e9phoniques, du syst\u00e8me Internet ou d&rsquo;autres syst\u00e8mes \u00e9lectroniques ; ni pour les dommages qui pourraient \u00eatre caus\u00e9s par des tiers par ing\u00e9rence ill\u00e9gitime et ind\u00e9pendante de la volont\u00e9 de l&rsquo;entreprise.<br \/>\nDe m\u00eame, ACEITES CAZORLA S.C.A. est exon\u00e9r\u00e9e. de toute responsabilit\u00e9 pour tout dommage ou pr\u00e9judice que l&rsquo;utilisateur pourrait subir \u00e0 la suite d&rsquo;erreurs, de d\u00e9fauts ou d&rsquo;omissions, dans les informations fournies par la soci\u00e9t\u00e9, \u00e0 condition qu&rsquo;elles proviennent de sources ext\u00e9rieures.<\/p>\n<p>12. Mise \u00e0 jour et modification des informations :<\/p>\n<p>Les informations qui apparaissent sur ce site Web sont \u00e0 jour \u00e0 la date de leur derni\u00e8re mise \u00e0 jour. CAZORLA HUILES S.C.A. se r\u00e9serve le droit de mettre \u00e0 jour, de modifier ou de supprimer les informations de ce site Web et peut en limiter ou interdire l&rsquo;acc\u00e8s. Ce site Web ne peut pas \u00eatre alt\u00e9r\u00e9, chang\u00e9, modifi\u00e9 ou adapt\u00e9. Cependant, ACEITES CAZORLA S.C.A. se r\u00e9serve le droit d&rsquo;apporter, \u00e0 tout moment, tous changements et modifications qu&rsquo;elle juge appropri\u00e9s, et peut faire usage de ce pouvoir \u00e0 tout moment et sans pr\u00e9avis.<\/p>\n<p><strong>13. Loi applicable et juridiction :<\/strong><\/p>\n<p>Ces Conditions seront r\u00e9gies et interpr\u00e9t\u00e9es conform\u00e9ment au droit commun espagnol. Pour toute question pouvant survenir concernant l&rsquo;interpr\u00e9tation, le respect, la r\u00e9siliation ou la r\u00e9solution des Conditions G\u00e9n\u00e9rales, les Parties se soumettent \u00e0 la juridiction et \u00e0 la comp\u00e9tence des Cours et Tribunaux de la ville de Grenade. Nonobstant ce qui pr\u00e9c\u00e8de, conform\u00e9ment \u00e0 la l\u00e9gislation espagnole, pour toute question pouvant survenir en relation avec les pr\u00e9sentes Conditions G\u00e9n\u00e9rales, les cours et tribunaux du domicile applicable seront comp\u00e9tents, conform\u00e9ment \u00e0 l&rsquo;article 52 du Code de proc\u00e9dure civile ou norme de substitution applicable. \u00e0 tout moment.<\/p>\n<p><em>Date de derni\u00e8re mise \u00e0 jour le 9 ao\u00fbt 2019.<\/em><\/p>\n","protected":false},"excerpt":{"rendered":"<p>1. Donn\u00e9es d&rsquo;identification : Conform\u00e9ment \u00e0 la loi 34\/2002 sur les services de la soci\u00e9t\u00e9 de l&rsquo;information et le commerce \u00e9lectronique (ci-apr\u00e8s LSSI-CE), les donn\u00e9es d&rsquo;identification sont d\u00e9taill\u00e9es : Nom de domaine : https:\/\/aceitescazorla.com Nom de l\u2019entreprise : ACEITES CAZORLA S.C.A. CIF : F23009384 Si\u00e8ge social : Carretera de Peal \u00e0 Cazorla, Km. 10,5 ; [&hellip;]<\/p>\n","protected":false},"author":1,"featured_media":0,"parent":0,"menu_order":0,"comment_status":"closed","ping_status":"closed","template":"","meta":{"ocean_post_layout":"","ocean_both_sidebars_style":"","ocean_both_sidebars_content_width":0,"ocean_both_sidebars_sidebars_width":0,"ocean_sidebar":"0","ocean_second_sidebar":"0","ocean_disable_margins":"enable","ocean_add_body_class":"","ocean_shortcode_before_top_bar":"","ocean_shortcode_after_top_bar":"","ocean_shortcode_before_header":"","ocean_shortcode_after_header":"","ocean_has_shortcode":"","ocean_shortcode_after_title":"","ocean_shortcode_before_footer_widgets":"","ocean_shortcode_after_footer_widgets":"","ocean_shortcode_before_footer_bottom":"","ocean_shortcode_after_footer_bottom":"","ocean_display_top_bar":"default","ocean_display_header":"default","ocean_header_style":"","ocean_center_header_left_menu":"0","ocean_custom_header_template":"0","ocean_custom_logo":0,"ocean_custom_retina_logo":0,"ocean_custom_logo_max_width":0,"ocean_custom_logo_tablet_max_width":0,"ocean_custom_logo_mobile_max_width":0,"ocean_custom_logo_max_height":0,"ocean_custom_logo_tablet_max_height":0,"ocean_custom_logo_mobile_max_height":0,"ocean_header_custom_menu":"0","ocean_menu_typo_font_family":"0","ocean_menu_typo_font_subset":"","ocean_menu_typo_font_size":0,"ocean_menu_typo_font_size_tablet":0,"ocean_menu_typo_font_size_mobile":0,"ocean_menu_typo_font_size_unit":"px","ocean_menu_typo_font_weight":"","ocean_menu_typo_font_weight_tablet":"","ocean_menu_typo_font_weight_mobile":"","ocean_menu_typo_transform":"","ocean_menu_typo_transform_tablet":"","ocean_menu_typo_transform_mobile":"","ocean_menu_typo_line_height":0,"ocean_menu_typo_line_height_tablet":0,"ocean_menu_typo_line_height_mobile":0,"ocean_menu_typo_line_height_unit":"","ocean_menu_typo_spacing":0,"ocean_menu_typo_spacing_tablet":0,"ocean_menu_typo_spacing_mobile":0,"ocean_menu_typo_spacing_unit":"","ocean_menu_link_color":"","ocean_menu_link_color_hover":"","ocean_menu_link_color_active":"","ocean_menu_link_background":"","ocean_menu_link_hover_background":"","ocean_menu_link_active_background":"","ocean_menu_social_links_bg":"","ocean_menu_social_hover_links_bg":"","ocean_menu_social_links_color":"","ocean_menu_social_hover_links_color":"","ocean_disable_title":"default","ocean_disable_heading":"default","ocean_post_title":"","ocean_post_subheading":"","ocean_post_title_style":"","ocean_post_title_background_color":"","ocean_post_title_background":0,"ocean_post_title_bg_image_position":"","ocean_post_title_bg_image_attachment":"","ocean_post_title_bg_image_repeat":"","ocean_post_title_bg_image_size":"","ocean_post_title_height":0,"ocean_post_title_bg_overlay":0.5,"ocean_post_title_bg_overlay_color":"","ocean_disable_breadcrumbs":"default","ocean_breadcrumbs_color":"","ocean_breadcrumbs_separator_color":"","ocean_breadcrumbs_links_color":"","ocean_breadcrumbs_links_hover_color":"","ocean_display_footer_widgets":"default","ocean_display_footer_bottom":"default","ocean_custom_footer_template":"0","osh_disable_topbar_sticky":"default","osh_disable_header_sticky":"default","osh_sticky_header_style":"default","osh_sticky_header_effect":"","osh_custom_sticky_logo":0,"osh_custom_retina_sticky_logo":0,"osh_custom_sticky_logo_height":0,"osh_background_color":"","osh_links_color":"","osh_links_hover_color":"","osh_links_active_color":"","osh_links_bg_color":"","osh_links_hover_bg_color":"","osh_links_active_bg_color":"","osh_menu_social_links_color":"","osh_menu_social_hover_links_color":"","_joinchat":[],"footnotes":""},"class_list":["post-6027","page","type-page","status-publish","hentry","entry","owp-thumbs-layout-horizontal","owp-btn-very-big","owp-tabs-layout-section","has-no-thumbnails","has-product-nav"],"_links":{"self":[{"href":"http:\/\/oleotourcazorla.com\/fr\/wp-json\/wp\/v2\/pages\/6027","targetHints":{"allow":["GET"]}}],"collection":[{"href":"http:\/\/oleotourcazorla.com\/fr\/wp-json\/wp\/v2\/pages"}],"about":[{"href":"http:\/\/oleotourcazorla.com\/fr\/wp-json\/wp\/v2\/types\/page"}],"author":[{"embeddable":true,"href":"http:\/\/oleotourcazorla.com\/fr\/wp-json\/wp\/v2\/users\/1"}],"replies":[{"embeddable":true,"href":"http:\/\/oleotourcazorla.com\/fr\/wp-json\/wp\/v2\/comments?post=6027"}],"version-history":[{"count":0,"href":"http:\/\/oleotourcazorla.com\/fr\/wp-json\/wp\/v2\/pages\/6027\/revisions"}],"wp:attachment":[{"href":"http:\/\/oleotourcazorla.com\/fr\/wp-json\/wp\/v2\/media?parent=6027"}],"curies":[{"name":"wp","href":"https:\/\/api.w.org\/{rel}","templated":true}]}}