{"id":6298,"date":"2024-11-04T14:41:35","date_gmt":"2024-11-04T12:41:35","guid":{"rendered":"https:\/\/oleotourcazorla.com\/merci-aux-collaborateurs\/"},"modified":"2024-11-04T14:41:36","modified_gmt":"2024-11-04T12:41:36","slug":"merci-aux-collaborateurs","status":"publish","type":"page","link":"http:\/\/oleotourcazorla.com\/fr\/merci-aux-collaborateurs\/","title":{"rendered":"Merci aux collaborateurs"},"content":{"rendered":"\t\t<div data-elementor-type=\"wp-page\" data-elementor-id=\"6298\" class=\"elementor elementor-6298 elementor-2234\" data-elementor-post-type=\"page\">\n\t\t\t\t\t\t<section class=\"elementor-section elementor-top-section elementor-element elementor-element-99055ab elementor-section-content-middle elementor-section-boxed elementor-section-height-default elementor-section-height-default\" data-id=\"99055ab\" data-element_type=\"section\" data-e-type=\"section\">\n\t\t\t\t\t\t<div class=\"elementor-container elementor-column-gap-wider\">\n\t\t\t\t\t<div class=\"elementor-column elementor-col-100 elementor-top-column elementor-element elementor-element-1df4412\" data-id=\"1df4412\" data-element_type=\"column\" data-e-type=\"column\">\n\t\t\t<div class=\"elementor-widget-wrap elementor-element-populated\">\n\t\t\t\t\t\t<div class=\"elementor-element elementor-element-60c06c5 elementor-widget elementor-widget-text-editor\" data-id=\"60c06c5\" data-element_type=\"widget\" data-e-type=\"widget\" data-widget_type=\"text-editor.default\">\n\t\t\t\t<div class=\"elementor-widget-container\">\n\t\t\t\t\t\t\t\t\t<blockquote><p>Le travail d\u2019\u00e9quipe est le carburant qui permet aux gens ordinaires de r\u00e9aliser des r\u00e9alisations extraordinaires.<\/p><\/blockquote>\n<p>Au nom de l&rsquo;\u00e9quipe Aceites Cazorla, nous tenons \u00e0 remercier toutes les personnes qui ont rendu possible la cr\u00e9ation de notre Centre Th\u00e9matique \u00ab Oleotour Cazorla \u00bb.<\/p>\n<p>Gr\u00e2ce \u00e0 votre excellente et altruiste collaboration, nous pouvons aujourd\u2019hui nous sentir tr\u00e8s fiers de diffuser la culture de notre p\u00e9trole, la culture de nos anc\u00eatres, parents, voisins et amis.<\/p>\n<p>C&rsquo;est pour cette raison qu&rsquo;il nous a sembl\u00e9 tr\u00e8s important de cr\u00e9er cette section sur notre site Internet et de vous nommer un \u00e0 un en guise de remerciement pour votre \u00e9norme effort.<\/p>\n<p>Merci encore:<\/p>\n<ul>\n<li>Jos\u00e9 Luis Gonz\u00e1lez<\/li>\n<li>Santiago (maestro del Vadillo)<\/li>\n<li>Jos\u00e9 Antonio Garc\u00eda Mart\u00ednez<\/li>\n<li>Manuel Plaza Colodro<\/li>\n<li>Crist\u00f3bal L\u00f3pez Fern\u00e1ndez<\/li>\n<li>Manuel Diaz Diaz<\/li>\n<li>Hermanos S\u00e1nchez Tiscar<\/li>\n<li>Serdama Cazorla S.L.<\/li>\n<li>Mart\u00edn Mar\u00edn Ad\u00e1n<\/li>\n<li>Santiago Dias Fern\u00e1ndez<\/li>\n<\/ul>\n\t\t\t\t\t\t\t\t<\/div>\n\t\t\t\t<\/div>\n\t\t\t\t\t<\/div>\n\t\t<\/div>\n\t\t\t\t\t<\/div>\n\t\t<\/section>\n\t\t\t\t<\/div>\n\t\t","protected":false},"excerpt":{"rendered":"<p>Le travail d\u2019\u00e9quipe est le carburant qui permet aux gens ordinaires de r\u00e9aliser des r\u00e9alisations extraordinaires. Au nom de l&rsquo;\u00e9quipe Aceites Cazorla, nous tenons \u00e0 remercier toutes les personnes qui ont rendu possible la cr\u00e9ation de notre Centre Th\u00e9matique \u00ab Oleotour Cazorla \u00bb. Gr\u00e2ce \u00e0 votre excellente et altruiste collaboration, nous pouvons aujourd\u2019hui nous sentir [&hellip;]<\/p>\n","protected":false},"author":1,"featured_media":0,"parent":0,"menu_order":0,"comment_status":"closed","ping_status":"closed","template":"","meta":{"ocean_post_layout":"full-width","ocean_both_sidebars_style":"","ocean_both_sidebars_content_width":0,"ocean_both_sidebars_sidebars_width":0,"ocean_sidebar":"0","ocean_second_sidebar":"0","ocean_disable_margins":"enable","ocean_add_body_class":"","ocean_shortcode_before_top_bar":"","ocean_shortcode_after_top_bar":"","ocean_shortcode_before_header":"","ocean_shortcode_after_header":"","ocean_has_shortcode":"","ocean_shortcode_after_title":"","ocean_shortcode_before_footer_widgets":"","ocean_shortcode_after_footer_widgets":"","ocean_shortcode_before_footer_bottom":"","ocean_shortcode_after_footer_bottom":"","ocean_display_top_bar":"default","ocean_display_header":"default","ocean_header_style":"","ocean_center_header_left_menu":"0","ocean_custom_header_template":"0","ocean_custom_logo":0,"ocean_custom_retina_logo":0,"ocean_custom_logo_max_width":0,"ocean_custom_logo_tablet_max_width":0,"ocean_custom_logo_mobile_max_width":0,"ocean_custom_logo_max_height":0,"ocean_custom_logo_tablet_max_height":0,"ocean_custom_logo_mobile_max_height":0,"ocean_header_custom_menu":"0","ocean_menu_typo_font_family":"0","ocean_menu_typo_font_subset":"","ocean_menu_typo_font_size":0,"ocean_menu_typo_font_size_tablet":0,"ocean_menu_typo_font_size_mobile":0,"ocean_menu_typo_font_size_unit":"px","ocean_menu_typo_font_weight":"","ocean_menu_typo_font_weight_tablet":"","ocean_menu_typo_font_weight_mobile":"","ocean_menu_typo_transform":"","ocean_menu_typo_transform_tablet":"","ocean_menu_typo_transform_mobile":"","ocean_menu_typo_line_height":0,"ocean_menu_typo_line_height_tablet":0,"ocean_menu_typo_line_height_mobile":0,"ocean_menu_typo_line_height_unit":"","ocean_menu_typo_spacing":0,"ocean_menu_typo_spacing_tablet":0,"ocean_menu_typo_spacing_mobile":0,"ocean_menu_typo_spacing_unit":"","ocean_menu_link_color":"","ocean_menu_link_color_hover":"","ocean_menu_link_color_active":"","ocean_menu_link_background":"","ocean_menu_link_hover_background":"","ocean_menu_link_active_background":"","ocean_menu_social_links_bg":"","ocean_menu_social_hover_links_bg":"","ocean_menu_social_links_color":"","ocean_menu_social_hover_links_color":"","ocean_disable_title":"default","ocean_disable_heading":"default","ocean_post_title":"","ocean_post_subheading":"","ocean_post_title_style":"","ocean_post_title_background_color":"","ocean_post_title_background":0,"ocean_post_title_bg_image_position":"","ocean_post_title_bg_image_attachment":"","ocean_post_title_bg_image_repeat":"","ocean_post_title_bg_image_size":"","ocean_post_title_height":0,"ocean_post_title_bg_overlay":0.5,"ocean_post_title_bg_overlay_color":"","ocean_disable_breadcrumbs":"default","ocean_breadcrumbs_color":"","ocean_breadcrumbs_separator_color":"","ocean_breadcrumbs_links_color":"","ocean_breadcrumbs_links_hover_color":"","ocean_display_footer_widgets":"default","ocean_display_footer_bottom":"default","ocean_custom_footer_template":"0","osh_disable_topbar_sticky":"default","osh_disable_header_sticky":"default","osh_sticky_header_style":"default","osh_sticky_header_effect":"","osh_custom_sticky_logo":0,"osh_custom_retina_sticky_logo":0,"osh_custom_sticky_logo_height":0,"osh_background_color":"","osh_links_color":"","osh_links_hover_color":"","osh_links_active_color":"","osh_links_bg_color":"","osh_links_hover_bg_color":"","osh_links_active_bg_color":"","osh_menu_social_links_color":"","osh_menu_social_hover_links_color":"","_joinchat":[],"footnotes":""},"class_list":["post-6298","page","type-page","status-publish","hentry","entry","owp-thumbs-layout-horizontal","owp-btn-very-big","owp-tabs-layout-section","has-no-thumbnails","has-product-nav"],"_links":{"self":[{"href":"http:\/\/oleotourcazorla.com\/fr\/wp-json\/wp\/v2\/pages\/6298","targetHints":{"allow":["GET"]}}],"collection":[{"href":"http:\/\/oleotourcazorla.com\/fr\/wp-json\/wp\/v2\/pages"}],"about":[{"href":"http:\/\/oleotourcazorla.com\/fr\/wp-json\/wp\/v2\/types\/page"}],"author":[{"embeddable":true,"href":"http:\/\/oleotourcazorla.com\/fr\/wp-json\/wp\/v2\/users\/1"}],"replies":[{"embeddable":true,"href":"http:\/\/oleotourcazorla.com\/fr\/wp-json\/wp\/v2\/comments?post=6298"}],"version-history":[{"count":1,"href":"http:\/\/oleotourcazorla.com\/fr\/wp-json\/wp\/v2\/pages\/6298\/revisions"}],"predecessor-version":[{"id":6299,"href":"http:\/\/oleotourcazorla.com\/fr\/wp-json\/wp\/v2\/pages\/6298\/revisions\/6299"}],"wp:attachment":[{"href":"http:\/\/oleotourcazorla.com\/fr\/wp-json\/wp\/v2\/media?parent=6298"}],"curies":[{"name":"wp","href":"https:\/\/api.w.org\/{rel}","templated":true}]}}