{"id":6290,"date":"2024-11-04T14:36:28","date_gmt":"2024-11-04T12:36:28","guid":{"rendered":"https:\/\/oleotourcazorla.com\/a-propos-de-nous\/"},"modified":"2024-11-04T14:39:54","modified_gmt":"2024-11-04T12:39:54","slug":"a-propos-de-nous","status":"publish","type":"page","link":"https:\/\/oleotourcazorla.com\/fr\/a-propos-de-nous\/","title":{"rendered":"\u00c0 propos de nous"},"content":{"rendered":"\t\t<div data-elementor-type=\"wp-page\" data-elementor-id=\"6290\" class=\"elementor elementor-6290 elementor-1883\" data-elementor-post-type=\"page\">\n\t\t\t\t\t\t<section class=\"elementor-section elementor-top-section elementor-element elementor-element-e4dc04d elementor-section-content-middle elementor-section-boxed elementor-section-height-default elementor-section-height-default\" data-id=\"e4dc04d\" data-element_type=\"section\" data-e-type=\"section\">\n\t\t\t\t\t\t<div class=\"elementor-container elementor-column-gap-wide\">\n\t\t\t\t\t<div class=\"elementor-column elementor-col-100 elementor-top-column elementor-element elementor-element-4bac02c\" data-id=\"4bac02c\" data-element_type=\"column\" data-e-type=\"column\">\n\t\t\t<div class=\"elementor-widget-wrap elementor-element-populated\">\n\t\t\t\t\t\t<div class=\"elementor-element elementor-element-977c82d elementor-widget elementor-widget-text-editor\" data-id=\"977c82d\" data-element_type=\"widget\" data-e-type=\"widget\" data-widget_type=\"text-editor.default\">\n\t\t\t\t<div class=\"elementor-widget-container\">\n\t\t\t\t\t\t\t\t\t<p>Aceites Cazorla Sociedad Cooperativa Andaluza est une huilerie fond\u00e9e en 1951, fruit de l&rsquo;alliance d&rsquo;agriculteurs qui ont rejoint les mouvements ol\u00e9icoles qui ont commenc\u00e9 \u00e0 s&rsquo;organiser dans la r\u00e9gion de Cazorla afin de moderniser et d&rsquo;optimiser un secteur qui avait besoin d&rsquo;am\u00e9liorations.<\/p>\n\t\t\t\t\t\t\t\t<\/div>\n\t\t\t\t<\/div>\n\t\t\t\t\t<\/div>\n\t\t<\/div>\n\t\t\t\t\t<\/div>\n\t\t<\/section>\n\t\t\t\t<section class=\"elementor-section elementor-top-section elementor-element elementor-element-61b1645 elementor-section-boxed elementor-section-height-default elementor-section-height-default\" data-id=\"61b1645\" data-element_type=\"section\" data-e-type=\"section\">\n\t\t\t\t\t\t<div class=\"elementor-container elementor-column-gap-wide\">\n\t\t\t\t\t<div class=\"elementor-column elementor-col-33 elementor-top-column elementor-element elementor-element-62b916d\" data-id=\"62b916d\" data-element_type=\"column\" data-e-type=\"column\">\n\t\t\t<div class=\"elementor-widget-wrap elementor-element-populated\">\n\t\t\t\t\t\t<div class=\"elementor-element elementor-element-83023e9 oew-info-box-top elementor-widget elementor-widget-oew-info-box\" data-id=\"83023e9\" data-element_type=\"widget\" data-e-type=\"widget\" data-settings=\"{&quot;position&quot;:&quot;top&quot;}\" data-widget_type=\"oew-info-box.default\">\n\t\t\t\t<div class=\"elementor-widget-container\">\n\t\t\t\t\t\n\t\t<div class=\"oew-info-box-wrap\">\n\t\t\t<div class=\"oew-info-box\">\n\n\t\t\t\t\t\t\t\t\t<div class=\"oew-info-box-icon-wrap\">\n\t\t\t\t\t\t<span class=\"oew-info-box-icon\">\n\t\t\t\t\t\t\t<img fetchpriority=\"high\" decoding=\"async\" width=\"900\" height=\"600\" src=\"https:\/\/oleotourcazorla.com\/wp-content\/uploads\/56.jpg\" class=\"attachment-large size-large wp-image-1551\" alt=\"\" srcset=\"https:\/\/oleotourcazorla.com\/wp-content\/uploads\/56.jpg 900w, https:\/\/oleotourcazorla.com\/wp-content\/uploads\/56-300x200.jpg 300w, https:\/\/oleotourcazorla.com\/wp-content\/uploads\/56-768x512.jpg 768w\" sizes=\"(max-width: 900px) 100vw, 900px\" \/>\t\t\t\t\t\t<\/span>\n\t\t\t\t\t<\/div>\n\t\t\t\t\t\n\t\t\t\t<div class=\"oew-info-box-content\">\n\t\t\t\t\t\t\t\t\t\t\t<h3 class=\"oew-info-box-title\">\n\t\t\t\t\t\t\tMission\t\t\t\t\t\t<\/h3>\n\t\t\t\t\t\t\n\t\t\t\t\t\n\t\t\t\t\t\t\t\t\t\t\t<div class=\"oew-info-box-description\">\n\t\t\t\t\t\t\t<p>G\u00e9n\u00e9rer de la valeur et faire conna\u00eetre l&rsquo;EVOO et ses avantages \u00e0 travers des activit\u00e9s \u00e9ducatives, r\u00e9cr\u00e9atives et culturelles qui englobent notre offre touristique ol\u00e9otouristique \u00e0 Cazorla. Tout cela de mani\u00e8re durable et sous les normes de qualit\u00e9 qui nous pr\u00e9c\u00e8dent.<\/p><br \/>\n\t\t\t\t\t\t<\/div>\n\t\t\t\t\t\t\n\t\t\t\t\t\t\t\t\t<\/div>\n\n\t\t\t<\/div>\n\t\t<\/div>\n\n\t\t\t\t\t\t<\/div>\n\t\t\t\t<\/div>\n\t\t\t\t\t<\/div>\n\t\t<\/div>\n\t\t\t\t<div class=\"elementor-column elementor-col-33 elementor-top-column elementor-element elementor-element-aa36fb5\" data-id=\"aa36fb5\" data-element_type=\"column\" data-e-type=\"column\">\n\t\t\t<div class=\"elementor-widget-wrap elementor-element-populated\">\n\t\t\t\t\t\t<div class=\"elementor-element elementor-element-f15a387 oew-info-box-top elementor-widget elementor-widget-oew-info-box\" data-id=\"f15a387\" data-element_type=\"widget\" data-e-type=\"widget\" data-settings=\"{&quot;position&quot;:&quot;top&quot;}\" data-widget_type=\"oew-info-box.default\">\n\t\t\t\t<div class=\"elementor-widget-container\">\n\t\t\t\t\t\n\t\t<div class=\"oew-info-box-wrap\">\n\t\t\t<div class=\"oew-info-box\">\n\n\t\t\t\t\t\t\t\t\t<div class=\"oew-info-box-icon-wrap\">\n\t\t\t\t\t\t<span class=\"oew-info-box-icon\">\n\t\t\t\t\t\t\t<img decoding=\"async\" width=\"900\" height=\"600\" src=\"https:\/\/oleotourcazorla.com\/wp-content\/uploads\/53.jpg\" class=\"attachment-large size-large wp-image-1545\" alt=\"\" srcset=\"https:\/\/oleotourcazorla.com\/wp-content\/uploads\/53.jpg 900w, https:\/\/oleotourcazorla.com\/wp-content\/uploads\/53-300x200.jpg 300w, https:\/\/oleotourcazorla.com\/wp-content\/uploads\/53-768x512.jpg 768w\" sizes=\"(max-width: 900px) 100vw, 900px\" \/>\t\t\t\t\t\t<\/span>\n\t\t\t\t\t<\/div>\n\t\t\t\t\t\n\t\t\t\t<div class=\"oew-info-box-content\">\n\t\t\t\t\t\t\t\t\t\t\t<h3 class=\"oew-info-box-title\">\n\t\t\t\t\t\t\t Apprendre encore plus\t\t\t\t\t\t<\/h3>\n\t\t\t\t\t\t\n\t\t\t\t\t\n\t\t\t\t\t\t\t\t\t\t\t<div class=\"oew-info-box-description\">\n\t\t\t\t\t\t\t<p>Se positionner comme une r\u00e9f\u00e9rence internationale dans la diffusion et la connaissance de l&rsquo;EVOO, en promouvant une alimentation et des habitudes saines comme moyen d&rsquo;am\u00e9liorer le mode de vie.<\/p><br \/>\n\t\t\t\t\t\t<\/div>\n\t\t\t\t\t\t\n\t\t\t\t\t\t\t\t\t<\/div>\n\n\t\t\t<\/div>\n\t\t<\/div>\n\n\t\t\t\t\t\t<\/div>\n\t\t\t\t<\/div>\n\t\t\t\t\t<\/div>\n\t\t<\/div>\n\t\t\t\t<div class=\"elementor-column elementor-col-33 elementor-top-column elementor-element elementor-element-660b035\" data-id=\"660b035\" data-element_type=\"column\" data-e-type=\"column\">\n\t\t\t<div class=\"elementor-widget-wrap elementor-element-populated\">\n\t\t\t\t\t\t<div class=\"elementor-element elementor-element-3397884 oew-info-box-top elementor-widget elementor-widget-oew-info-box\" data-id=\"3397884\" data-element_type=\"widget\" data-e-type=\"widget\" data-settings=\"{&quot;position&quot;:&quot;top&quot;}\" data-widget_type=\"oew-info-box.default\">\n\t\t\t\t<div class=\"elementor-widget-container\">\n\t\t\t\t\t\n\t\t<div class=\"oew-info-box-wrap\">\n\t\t\t<div class=\"oew-info-box\">\n\n\t\t\t\t\t\t\t\t\t<div class=\"oew-info-box-icon-wrap\">\n\t\t\t\t\t\t<span class=\"oew-info-box-icon\">\n\t\t\t\t\t\t\t<img decoding=\"async\" width=\"900\" height=\"600\" src=\"https:\/\/oleotourcazorla.com\/wp-content\/uploads\/39-1.jpg\" class=\"attachment-large size-large wp-image-1517\" alt=\"\" srcset=\"https:\/\/oleotourcazorla.com\/wp-content\/uploads\/39-1.jpg 900w, https:\/\/oleotourcazorla.com\/wp-content\/uploads\/39-1-300x200.jpg 300w, https:\/\/oleotourcazorla.com\/wp-content\/uploads\/39-1-768x512.jpg 768w\" sizes=\"(max-width: 900px) 100vw, 900px\" \/>\t\t\t\t\t\t<\/span>\n\t\t\t\t\t<\/div>\n\t\t\t\t\t\n\t\t\t\t<div class=\"oew-info-box-content\">\n\t\t\t\t\t\t\t\t\t\t\t<h3 class=\"oew-info-box-title\">\n\t\t\t\t\t\t\tValeurs\t\t\t\t\t\t<\/h3>\n\t\t\t\t\t\t\n\t\t\t\t\t\n\t\t\t\t\t\t\t\t\t\t\t<div class=\"oew-info-box-description\">\n\t\t\t\t\t\t\t<p>Nos valeurs expriment notre caract\u00e8re. Ils sont le guide et le moteur de toutes les actions que nous menons : durabilit\u00e9, qualit\u00e9, tradition et innovation.<\/p><br \/>\n\t\t\t\t\t\t<\/div>\n\t\t\t\t\t\t\n\t\t\t\t\t\t\t\t\t<\/div>\n\n\t\t\t<\/div>\n\t\t<\/div>\n\n\t\t\t\t\t\t<\/div>\n\t\t\t\t<\/div>\n\t\t\t\t\t<\/div>\n\t\t<\/div>\n\t\t\t\t\t<\/div>\n\t\t<\/section>\n\t\t\t\t<section class=\"elementor-section elementor-top-section elementor-element elementor-element-8ace423 elementor-section-content-middle elementor-section-boxed elementor-section-height-default elementor-section-height-default\" data-id=\"8ace423\" data-element_type=\"section\" data-e-type=\"section\">\n\t\t\t\t\t\t<div class=\"elementor-container elementor-column-gap-wide\">\n\t\t\t\t\t<div class=\"elementor-column elementor-col-50 elementor-top-column elementor-element elementor-element-aa54b8c\" data-id=\"aa54b8c\" data-element_type=\"column\" data-e-type=\"column\">\n\t\t\t<div class=\"elementor-widget-wrap elementor-element-populated\">\n\t\t\t\t\t\t<div class=\"elementor-element elementor-element-a9a7168 elementor-widget elementor-widget-image\" data-id=\"a9a7168\" data-element_type=\"widget\" data-e-type=\"widget\" data-widget_type=\"image.default\">\n\t\t\t\t<div class=\"elementor-widget-container\">\n\t\t\t\t\t\t\t\t\t\t\t\t\t\t\t<img loading=\"lazy\" decoding=\"async\" width=\"1024\" height=\"680\" src=\"https:\/\/oleotourcazorla.com\/wp-content\/uploads\/quienes-somos-1024x680.jpg\" class=\"attachment-large size-large wp-image-6204\" alt=\"\" srcset=\"https:\/\/oleotourcazorla.com\/wp-content\/uploads\/quienes-somos-1024x680.jpg 1024w, https:\/\/oleotourcazorla.com\/wp-content\/uploads\/quienes-somos-300x199.jpg 300w, https:\/\/oleotourcazorla.com\/wp-content\/uploads\/quienes-somos-768x510.jpg 768w, https:\/\/oleotourcazorla.com\/wp-content\/uploads\/quienes-somos-1000x664.jpg 1000w, https:\/\/oleotourcazorla.com\/wp-content\/uploads\/quienes-somos.jpg 1280w\" sizes=\"(max-width: 1024px) 100vw, 1024px\" \/>\t\t\t\t\t\t\t\t\t\t\t\t\t\t\t<\/div>\n\t\t\t\t<\/div>\n\t\t\t\t\t<\/div>\n\t\t<\/div>\n\t\t\t\t<div class=\"elementor-column elementor-col-50 elementor-top-column elementor-element elementor-element-f9d786e\" data-id=\"f9d786e\" data-element_type=\"column\" data-e-type=\"column\">\n\t\t\t<div class=\"elementor-widget-wrap elementor-element-populated\">\n\t\t\t\t\t\t<div class=\"elementor-element elementor-element-3472dc8 elementor-widget elementor-widget-text-editor\" data-id=\"3472dc8\" data-element_type=\"widget\" data-e-type=\"widget\" data-widget_type=\"text-editor.default\">\n\t\t\t\t<div class=\"elementor-widget-container\">\n\t\t\t\t\t\t\t\t\t<p>Aujourd&rsquo;hui, bien loin de celles d&rsquo;alors, la Coop\u00e9rative Aceites Cazorla est compos\u00e9e de plus de 2500 membres\/agriculteurs appartenant aux villes de Cazorla, La Iruela, Chilluevar, Santo Tom\u00e9, Peal de Becerro et Quesada, ainsi que d&rsquo;autres qui r\u00e9sident dans diff\u00e9rentes zones g\u00e9ographiques d&rsquo;Espagne qui entretiennent leurs exploitations agricoles principalement en m\u00e9tayage.<\/p>\n\t\t\t\t\t\t\t\t<\/div>\n\t\t\t\t<\/div>\n\t\t\t\t<div class=\"elementor-element elementor-element-83f6eae elementor-widget elementor-widget-text-editor\" data-id=\"83f6eae\" data-element_type=\"widget\" data-e-type=\"widget\" data-widget_type=\"text-editor.default\">\n\t\t\t\t<div class=\"elementor-widget-container\">\n\t\t\t\t\t\t\t\t\t<p>Nous sommes un moulin \u00e0 huile moderne o\u00f9 vous pourrez observer le long passage du temps, depuis les techniques ib\u00e9riques anciennes et ancestrales jusqu&rsquo;aux syst\u00e8mes de production d&rsquo;EVOO les plus modernes et innovants.<\/p>\n\t\t\t\t\t\t\t\t<\/div>\n\t\t\t\t<\/div>\n\t\t\t\t\t<\/div>\n\t\t<\/div>\n\t\t\t\t\t<\/div>\n\t\t<\/section>\n\t\t\t\t<section class=\"elementor-section elementor-top-section elementor-element elementor-element-041d8c5 elementor-section-content-middle elementor-section-boxed elementor-section-height-default elementor-section-height-default\" data-id=\"041d8c5\" data-element_type=\"section\" data-e-type=\"section\">\n\t\t\t\t\t\t<div class=\"elementor-container elementor-column-gap-wide\">\n\t\t\t\t\t<div class=\"elementor-column elementor-col-50 elementor-top-column elementor-element elementor-element-a58e2a4\" data-id=\"a58e2a4\" data-element_type=\"column\" data-e-type=\"column\">\n\t\t\t<div class=\"elementor-widget-wrap elementor-element-populated\">\n\t\t\t\t\t\t<div class=\"elementor-element elementor-element-0ae82be elementor-widget elementor-widget-text-editor\" data-id=\"0ae82be\" data-element_type=\"widget\" data-e-type=\"widget\" data-widget_type=\"text-editor.default\">\n\t\t\t\t<div class=\"elementor-widget-container\">\n\t\t\t\t\t\t\t\t\t<p>Situ\u00e9e dans l&rsquo;un des plus beaux endroits de la plan\u00e8te, la Sierra de Cazorla, Segura et Las Villas, la coop\u00e9rative Aceites Cazorla est situ\u00e9e dans un environnement privil\u00e9gi\u00e9 qui montre le visage le plus beau et le plus innocent de la nature, offrant le meilleur des sc\u00e9narios pour le mise en \u0153uvre de l&rsquo;ol\u00e9otourisme \u00e0 Ja\u00e9n.<\/p>\n\t\t\t\t\t\t\t\t<\/div>\n\t\t\t\t<\/div>\n\t\t\t\t<div class=\"elementor-element elementor-element-58e22d3 elementor-widget elementor-widget-text-editor\" data-id=\"58e22d3\" data-element_type=\"widget\" data-e-type=\"widget\" data-widget_type=\"text-editor.default\">\n\t\t\t\t<div class=\"elementor-widget-container\">\n\t\t\t\t\t\t\t\t\t<p>Apr\u00e8s une r\u00e9cente expansion et modernisation de nos installations, chez Aceites Cazorla, nous devenons non seulement des producteurs et des distributeurs d&rsquo;huile d&rsquo;olive de r\u00e9f\u00e9rence, mais nous sommes \u00e9galement l&rsquo;une des principales destinations touristiques rurales pour les visiteurs qui d\u00e9cident de se rendre \u00e0 Ja\u00e9n pour d\u00e9couvrir le c\u00f4t\u00e9 sauvage de la nature et l&rsquo;harmonie offertes par la Sierra de Cazorla, Segura et Las Villas.<\/p>\n\t\t\t\t\t\t\t\t<\/div>\n\t\t\t\t<\/div>\n\t\t\t\t\t<\/div>\n\t\t<\/div>\n\t\t\t\t<div class=\"elementor-column elementor-col-50 elementor-top-column elementor-element elementor-element-5fa4c5f\" data-id=\"5fa4c5f\" data-element_type=\"column\" data-e-type=\"column\">\n\t\t\t<div class=\"elementor-widget-wrap elementor-element-populated\">\n\t\t\t\t\t\t<div class=\"elementor-element elementor-element-88540c0 elementor-widget elementor-widget-image\" data-id=\"88540c0\" data-element_type=\"widget\" data-e-type=\"widget\" data-widget_type=\"image.default\">\n\t\t\t\t<div class=\"elementor-widget-container\">\n\t\t\t\t\t\t\t\t\t\t\t\t\t\t\t<img loading=\"lazy\" decoding=\"async\" width=\"900\" height=\"600\" src=\"https:\/\/oleotourcazorla.com\/wp-content\/uploads\/15.jpg\" class=\"attachment-large size-large wp-image-6228\" alt=\"\" srcset=\"https:\/\/oleotourcazorla.com\/wp-content\/uploads\/15.jpg 900w, https:\/\/oleotourcazorla.com\/wp-content\/uploads\/15-300x200.jpg 300w, https:\/\/oleotourcazorla.com\/wp-content\/uploads\/15-768x512.jpg 768w\" sizes=\"(max-width: 900px) 100vw, 900px\" \/>\t\t\t\t\t\t\t\t\t\t\t\t\t\t\t<\/div>\n\t\t\t\t<\/div>\n\t\t\t\t\t<\/div>\n\t\t<\/div>\n\t\t\t\t\t<\/div>\n\t\t<\/section>\n\t\t\t\t<section class=\"elementor-section elementor-top-section elementor-element elementor-element-bf65fd1 elementor-section-content-middle elementor-section-boxed elementor-section-height-default elementor-section-height-default\" data-id=\"bf65fd1\" data-element_type=\"section\" data-e-type=\"section\">\n\t\t\t\t\t\t<div class=\"elementor-container elementor-column-gap-wide\">\n\t\t\t\t\t<div class=\"elementor-column elementor-col-50 elementor-top-column elementor-element elementor-element-2e4c117\" data-id=\"2e4c117\" data-element_type=\"column\" data-e-type=\"column\">\n\t\t\t<div class=\"elementor-widget-wrap elementor-element-populated\">\n\t\t\t\t\t\t<div class=\"elementor-element elementor-element-eecb5b8 elementor-widget elementor-widget-image\" data-id=\"eecb5b8\" data-element_type=\"widget\" data-e-type=\"widget\" data-widget_type=\"image.default\">\n\t\t\t\t<div class=\"elementor-widget-container\">\n\t\t\t\t\t\t\t\t\t\t\t\t\t\t\t<img loading=\"lazy\" decoding=\"async\" width=\"900\" height=\"600\" src=\"https:\/\/oleotourcazorla.com\/wp-content\/uploads\/43.jpg\" class=\"attachment-large size-large wp-image-6229\" alt=\"\" srcset=\"https:\/\/oleotourcazorla.com\/wp-content\/uploads\/43.jpg 900w, https:\/\/oleotourcazorla.com\/wp-content\/uploads\/43-300x200.jpg 300w, https:\/\/oleotourcazorla.com\/wp-content\/uploads\/43-768x512.jpg 768w\" sizes=\"(max-width: 900px) 100vw, 900px\" \/>\t\t\t\t\t\t\t\t\t\t\t\t\t\t\t<\/div>\n\t\t\t\t<\/div>\n\t\t\t\t\t<\/div>\n\t\t<\/div>\n\t\t\t\t<div class=\"elementor-column elementor-col-50 elementor-top-column elementor-element elementor-element-5399718\" data-id=\"5399718\" data-element_type=\"column\" data-e-type=\"column\">\n\t\t\t<div class=\"elementor-widget-wrap elementor-element-populated\">\n\t\t\t\t\t\t<div class=\"elementor-element elementor-element-defcf34 elementor-widget elementor-widget-text-editor\" data-id=\"defcf34\" data-element_type=\"widget\" data-e-type=\"widget\" data-widget_type=\"text-editor.default\">\n\t\t\t\t<div class=\"elementor-widget-container\">\n\t\t\t\t\t\t\t\t\t<p>Une modernisation qui exprime notre int\u00e9r\u00eat et notre engagement \u00e9vidents pour l&rsquo;ol\u00e9otourisme dans la province de Ja\u00e9n et pour un tourisme durable qui encourage la connaissance du produit, la culture EVOO et le respect de l&rsquo;environnement.<\/p>\n\t\t\t\t\t\t\t\t<\/div>\n\t\t\t\t<\/div>\n\t\t\t\t<div class=\"elementor-element elementor-element-711b518 elementor-widget elementor-widget-text-editor\" data-id=\"711b518\" data-element_type=\"widget\" data-e-type=\"widget\" data-widget_type=\"text-editor.default\">\n\t\t\t\t<div class=\"elementor-widget-container\">\n\t\t\t\t\t\t\t\t\t<p>Exp\u00e9rience que nous proposons \u00e0 travers des activit\u00e9s li\u00e9es \u00e0 l&rsquo;oliveraie et \u00e0 l&rsquo;huile d&rsquo;olive : mus\u00e9es, moulin \u00e0 huile, gastronomie, h\u00e9bergement rural, excursions, spa, d\u00e9gustations d&rsquo;huile et d\u00e9gustations. Vous souhaitez le d\u00e9couvrir ?<\/p>\n\t\t\t\t\t\t\t\t<\/div>\n\t\t\t\t<\/div>\n\t\t\t\t\t<\/div>\n\t\t<\/div>\n\t\t\t\t\t<\/div>\n\t\t<\/section>\n\t\t\t\t<\/div>\n\t\t","protected":false},"excerpt":{"rendered":"<p>Aceites Cazorla Sociedad Cooperativa Andaluza est une huilerie fond\u00e9e en 1951, fruit de l&rsquo;alliance d&rsquo;agriculteurs qui ont rejoint les mouvements ol\u00e9icoles qui ont commenc\u00e9 \u00e0 s&rsquo;organiser dans la r\u00e9gion de Cazorla afin de moderniser et d&rsquo;optimiser un secteur qui avait besoin d&rsquo;am\u00e9liorations. Mission G\u00e9n\u00e9rer de la valeur et faire conna\u00eetre l&#8217;EVOO et ses avantages \u00e0 [&hellip;]<\/p>\n","protected":false},"author":1,"featured_media":0,"parent":0,"menu_order":0,"comment_status":"closed","ping_status":"closed","template":"","meta":{"ocean_post_layout":"full-width","ocean_both_sidebars_style":"","ocean_both_sidebars_content_width":0,"ocean_both_sidebars_sidebars_width":0,"ocean_sidebar":"0","ocean_second_sidebar":"0","ocean_disable_margins":"enable","ocean_add_body_class":"","ocean_shortcode_before_top_bar":"","ocean_shortcode_after_top_bar":"","ocean_shortcode_before_header":"","ocean_shortcode_after_header":"","ocean_has_shortcode":"","ocean_shortcode_after_title":"","ocean_shortcode_before_footer_widgets":"","ocean_shortcode_after_footer_widgets":"","ocean_shortcode_before_footer_bottom":"","ocean_shortcode_after_footer_bottom":"","ocean_display_top_bar":"default","ocean_display_header":"default","ocean_header_style":"","ocean_center_header_left_menu":"0","ocean_custom_header_template":"0","ocean_custom_logo":0,"ocean_custom_retina_logo":0,"ocean_custom_logo_max_width":0,"ocean_custom_logo_tablet_max_width":0,"ocean_custom_logo_mobile_max_width":0,"ocean_custom_logo_max_height":0,"ocean_custom_logo_tablet_max_height":0,"ocean_custom_logo_mobile_max_height":0,"ocean_header_custom_menu":"0","ocean_menu_typo_font_family":"0","ocean_menu_typo_font_subset":"","ocean_menu_typo_font_size":0,"ocean_menu_typo_font_size_tablet":0,"ocean_menu_typo_font_size_mobile":0,"ocean_menu_typo_font_size_unit":"px","ocean_menu_typo_font_weight":"","ocean_menu_typo_font_weight_tablet":"","ocean_menu_typo_font_weight_mobile":"","ocean_menu_typo_transform":"","ocean_menu_typo_transform_tablet":"","ocean_menu_typo_transform_mobile":"","ocean_menu_typo_line_height":0,"ocean_menu_typo_line_height_tablet":0,"ocean_menu_typo_line_height_mobile":0,"ocean_menu_typo_line_height_unit":"","ocean_menu_typo_spacing":0,"ocean_menu_typo_spacing_tablet":0,"ocean_menu_typo_spacing_mobile":0,"ocean_menu_typo_spacing_unit":"","ocean_menu_link_color":"","ocean_menu_link_color_hover":"","ocean_menu_link_color_active":"","ocean_menu_link_background":"","ocean_menu_link_hover_background":"","ocean_menu_link_active_background":"","ocean_menu_social_links_bg":"","ocean_menu_social_hover_links_bg":"","ocean_menu_social_links_color":"","ocean_menu_social_hover_links_color":"","ocean_disable_title":"default","ocean_disable_heading":"default","ocean_post_title":"","ocean_post_subheading":"","ocean_post_title_style":"","ocean_post_title_background_color":"","ocean_post_title_background":0,"ocean_post_title_bg_image_position":"","ocean_post_title_bg_image_attachment":"","ocean_post_title_bg_image_repeat":"","ocean_post_title_bg_image_size":"","ocean_post_title_height":0,"ocean_post_title_bg_overlay":0.5,"ocean_post_title_bg_overlay_color":"","ocean_disable_breadcrumbs":"default","ocean_breadcrumbs_color":"","ocean_breadcrumbs_separator_color":"","ocean_breadcrumbs_links_color":"","ocean_breadcrumbs_links_hover_color":"","ocean_display_footer_widgets":"default","ocean_display_footer_bottom":"default","ocean_custom_footer_template":"0","osh_disable_topbar_sticky":"default","osh_disable_header_sticky":"default","osh_sticky_header_style":"default","osh_sticky_header_effect":"","osh_custom_sticky_logo":0,"osh_custom_retina_sticky_logo":0,"osh_custom_sticky_logo_height":0,"osh_background_color":"","osh_links_color":"","osh_links_hover_color":"","osh_links_active_color":"","osh_links_bg_color":"","osh_links_hover_bg_color":"","osh_links_active_bg_color":"","osh_menu_social_links_color":"","osh_menu_social_hover_links_color":"","_joinchat":[],"footnotes":""},"class_list":["post-6290","page","type-page","status-publish","hentry","entry","owp-thumbs-layout-horizontal","owp-btn-very-big","owp-tabs-layout-section","has-no-thumbnails","has-product-nav"],"_links":{"self":[{"href":"https:\/\/oleotourcazorla.com\/fr\/wp-json\/wp\/v2\/pages\/6290","targetHints":{"allow":["GET"]}}],"collection":[{"href":"https:\/\/oleotourcazorla.com\/fr\/wp-json\/wp\/v2\/pages"}],"about":[{"href":"https:\/\/oleotourcazorla.com\/fr\/wp-json\/wp\/v2\/types\/page"}],"author":[{"embeddable":true,"href":"https:\/\/oleotourcazorla.com\/fr\/wp-json\/wp\/v2\/users\/1"}],"replies":[{"embeddable":true,"href":"https:\/\/oleotourcazorla.com\/fr\/wp-json\/wp\/v2\/comments?post=6290"}],"version-history":[{"count":7,"href":"https:\/\/oleotourcazorla.com\/fr\/wp-json\/wp\/v2\/pages\/6290\/revisions"}],"predecessor-version":[{"id":6297,"href":"https:\/\/oleotourcazorla.com\/fr\/wp-json\/wp\/v2\/pages\/6290\/revisions\/6297"}],"wp:attachment":[{"href":"https:\/\/oleotourcazorla.com\/fr\/wp-json\/wp\/v2\/media?parent=6290"}],"curies":[{"name":"wp","href":"https:\/\/api.w.org\/{rel}","templated":true}]}}