{"id":6309,"date":"2024-11-04T14:45:07","date_gmt":"2024-11-04T12:45:07","guid":{"rendered":"https:\/\/oleotourcazorla.com\/conditionnement\/"},"modified":"2024-11-04T14:47:26","modified_gmt":"2024-11-04T12:47:26","slug":"conditionnement","status":"publish","type":"page","link":"https:\/\/oleotourcazorla.com\/fr\/conditionnement\/","title":{"rendered":"Conditionnement"},"content":{"rendered":"\t\t<div data-elementor-type=\"wp-page\" data-elementor-id=\"6309\" class=\"elementor elementor-6309 elementor-1870\" data-elementor-post-type=\"page\">\n\t\t\t\t\t\t<section class=\"elementor-section elementor-top-section elementor-element elementor-element-99055ab elementor-section-content-middle elementor-section-boxed elementor-section-height-default elementor-section-height-default\" data-id=\"99055ab\" data-element_type=\"section\" data-e-type=\"section\">\n\t\t\t\t\t\t<div class=\"elementor-container elementor-column-gap-wider\">\n\t\t\t\t\t<div class=\"elementor-column elementor-col-50 elementor-top-column elementor-element elementor-element-1df4412\" data-id=\"1df4412\" data-element_type=\"column\" data-e-type=\"column\">\n\t\t\t<div class=\"elementor-widget-wrap elementor-element-populated\">\n\t\t\t\t\t\t<div class=\"elementor-element elementor-element-52aaf76 elementor-widget elementor-widget-heading\" data-id=\"52aaf76\" data-element_type=\"widget\" data-e-type=\"widget\" data-widget_type=\"heading.default\">\n\t\t\t\t<div class=\"elementor-widget-container\">\n\t\t\t\t\t<h2 class=\"elementor-heading-title elementor-size-default\">Packaging<\/h2>\t\t\t\t<\/div>\n\t\t\t\t<\/div>\n\t\t\t\t<div class=\"elementor-element elementor-element-60c06c5 elementor-widget elementor-widget-text-editor\" data-id=\"60c06c5\" data-element_type=\"widget\" data-e-type=\"widget\" data-widget_type=\"text-editor.default\">\n\t\t\t\t<div class=\"elementor-widget-container\">\n\t\t\t\t\t\t\t\t\t<p>Ici, vous pouvez voir l&rsquo;aboutissement d&rsquo;un processus qui a commenc\u00e9 sur le terrain et se termine avec le produit d\u00e9j\u00e0 mis en bouteille et \u00e9tiquet\u00e9, pr\u00eat \u00e0 \u00eatre commercialis\u00e9. Pour cela, nous disposons de deux lignes de conditionnement sophistiqu\u00e9es capables de conditionner plus de 5000 litres\/heure pour satisfaire la demande de nos clients, tant nationaux qu&rsquo;internationaux.<\/p>\n\t\t\t\t\t\t\t\t<\/div>\n\t\t\t\t<\/div>\n\t\t\t\t\t<\/div>\n\t\t<\/div>\n\t\t\t\t<div class=\"elementor-column elementor-col-50 elementor-top-column elementor-element elementor-element-758f5d4\" data-id=\"758f5d4\" data-element_type=\"column\" data-e-type=\"column\">\n\t\t\t<div class=\"elementor-widget-wrap elementor-element-populated\">\n\t\t\t\t\t\t<div class=\"elementor-element elementor-element-3c329e1 elementor-arrows-position-inside elementor-widget elementor-widget-image-carousel\" data-id=\"3c329e1\" data-element_type=\"widget\" data-e-type=\"widget\" data-settings=\"{&quot;slides_to_show&quot;:&quot;1&quot;,&quot;navigation&quot;:&quot;arrows&quot;,&quot;autoplay&quot;:&quot;yes&quot;,&quot;pause_on_hover&quot;:&quot;yes&quot;,&quot;pause_on_interaction&quot;:&quot;yes&quot;,&quot;autoplay_speed&quot;:5000,&quot;infinite&quot;:&quot;yes&quot;,&quot;effect&quot;:&quot;slide&quot;,&quot;speed&quot;:500}\" data-widget_type=\"image-carousel.default\">\n\t\t\t\t<div class=\"elementor-widget-container\">\n\t\t\t\t\t\t\t<div class=\"elementor-image-carousel-wrapper swiper\" role=\"region\" aria-roledescription=\"carousel\" aria-label=\"Carrousel d\u2019images\" dir=\"ltr\">\n\t\t\t<div class=\"elementor-image-carousel swiper-wrapper\" aria-live=\"off\">\n\t\t\t\t\t\t\t\t<div class=\"swiper-slide\" role=\"group\" aria-roledescription=\"slide\" aria-label=\"1 sur 11\"><figure class=\"swiper-slide-inner\"><img decoding=\"async\" class=\"swiper-slide-image\" src=\"https:\/\/oleotourcazorla.com\/wp-content\/uploads\/bodega-envasadora-aceites-cazorla.jpg\" alt=\"bodega-envasadora-aceites-cazorla\" \/><\/figure><\/div><div class=\"swiper-slide\" role=\"group\" aria-roledescription=\"slide\" aria-label=\"2 sur 11\"><figure class=\"swiper-slide-inner\"><img decoding=\"async\" class=\"swiper-slide-image\" src=\"https:\/\/oleotourcazorla.com\/wp-content\/uploads\/comercializacion-aceites-cazorla.jpg\" alt=\"comercializaci\u00f3n-aceites-cazorla\" \/><\/figure><\/div><div class=\"swiper-slide\" role=\"group\" aria-roledescription=\"slide\" aria-label=\"3 sur 11\"><figure class=\"swiper-slide-inner\"><img decoding=\"async\" class=\"swiper-slide-image\" src=\"https:\/\/oleotourcazorla.com\/wp-content\/uploads\/envasadora-aceites-cazorla.jpg\" alt=\"envasadora-aceites-cazorla\" \/><\/figure><\/div><div class=\"swiper-slide\" role=\"group\" aria-roledescription=\"slide\" aria-label=\"4 sur 11\"><figure class=\"swiper-slide-inner\"><img decoding=\"async\" class=\"swiper-slide-image\" src=\"https:\/\/oleotourcazorla.com\/wp-content\/uploads\/envasadora-acietescazorla.jpg\" alt=\"envasadora-acietescazorla\" \/><\/figure><\/div><div class=\"swiper-slide\" role=\"group\" aria-roledescription=\"slide\" aria-label=\"5 sur 11\"><figure class=\"swiper-slide-inner\"><img decoding=\"async\" class=\"swiper-slide-image\" src=\"https:\/\/oleotourcazorla.com\/wp-content\/uploads\/etiquetado-aceites-cazorla.jpg\" alt=\"etiquetado-aceites-cazorla\" \/><\/figure><\/div><div class=\"swiper-slide\" role=\"group\" aria-roledescription=\"slide\" aria-label=\"6 sur 11\"><figure class=\"swiper-slide-inner\"><img decoding=\"async\" class=\"swiper-slide-image\" src=\"https:\/\/oleotourcazorla.com\/wp-content\/uploads\/etiquetado-oleotour-cazorla.jpg\" alt=\"etiquetado-oleotour-cazorla\" \/><\/figure><\/div><div class=\"swiper-slide\" role=\"group\" aria-roledescription=\"slide\" aria-label=\"7 sur 11\"><figure class=\"swiper-slide-inner\"><img decoding=\"async\" class=\"swiper-slide-image\" src=\"https:\/\/oleotourcazorla.com\/wp-content\/uploads\/linea-envasado-aceites-cazorla.jpg\" alt=\"linea-envasado-aceites-cazorla\" \/><\/figure><\/div><div class=\"swiper-slide\" role=\"group\" aria-roledescription=\"slide\" aria-label=\"8 sur 11\"><figure class=\"swiper-slide-inner\"><img decoding=\"async\" class=\"swiper-slide-image\" src=\"https:\/\/oleotourcazorla.com\/wp-content\/uploads\/linea-envasado-oleotour-cazorla.jpg\" alt=\"linea-envasado-oleotour-cazorla\" \/><\/figure><\/div><div class=\"swiper-slide\" role=\"group\" aria-roledescription=\"slide\" aria-label=\"9 sur 11\"><figure class=\"swiper-slide-inner\"><img decoding=\"async\" class=\"swiper-slide-image\" src=\"https:\/\/oleotourcazorla.com\/wp-content\/uploads\/llenado-aceites-cazorla.jpg\" alt=\"llenado-aceites-cazorla\" \/><\/figure><\/div><div class=\"swiper-slide\" role=\"group\" aria-roledescription=\"slide\" aria-label=\"10 sur 11\"><figure class=\"swiper-slide-inner\"><img decoding=\"async\" class=\"swiper-slide-image\" src=\"https:\/\/oleotourcazorla.com\/wp-content\/uploads\/llenado-aceites-sierra-cazorla.jpg\" alt=\"llenado-aceites-sierra-cazorla\" \/><\/figure><\/div><div class=\"swiper-slide\" role=\"group\" aria-roledescription=\"slide\" aria-label=\"11 sur 11\"><figure class=\"swiper-slide-inner\"><img decoding=\"async\" class=\"swiper-slide-image\" src=\"https:\/\/oleotourcazorla.com\/wp-content\/uploads\/packaging-aceites-cazorla.jpg\" alt=\"packaging-aceites-cazorla\" \/><\/figure><\/div>\t\t\t<\/div>\n\t\t\t\t\t\t\t\t\t\t\t\t<div class=\"elementor-swiper-button elementor-swiper-button-prev\" role=\"button\" tabindex=\"0\">\n\t\t\t\t\t\t<i aria-hidden=\"true\" class=\"eicon-chevron-left\"><\/i>\t\t\t\t\t<\/div>\n\t\t\t\t\t<div class=\"elementor-swiper-button elementor-swiper-button-next\" role=\"button\" tabindex=\"0\">\n\t\t\t\t\t\t<i aria-hidden=\"true\" class=\"eicon-chevron-right\"><\/i>\t\t\t\t\t<\/div>\n\t\t\t\t\n\t\t\t\t\t\t\t\t\t<\/div>\n\t\t\t\t\t\t<\/div>\n\t\t\t\t<\/div>\n\t\t\t\t\t<\/div>\n\t\t<\/div>\n\t\t\t\t\t<\/div>\n\t\t<\/section>\n\t\t\t\t<section class=\"elementor-section elementor-top-section elementor-element elementor-element-e3083e1 elementor-section-boxed elementor-section-height-default elementor-section-height-default\" data-id=\"e3083e1\" data-element_type=\"section\" data-e-type=\"section\">\n\t\t\t\t\t\t<div class=\"elementor-container elementor-column-gap-default\">\n\t\t\t\t\t<div class=\"elementor-column elementor-col-100 elementor-top-column elementor-element elementor-element-e50a5d9\" data-id=\"e50a5d9\" data-element_type=\"column\" data-e-type=\"column\">\n\t\t\t<div class=\"elementor-widget-wrap elementor-element-populated\">\n\t\t\t\t\t\t<div class=\"elementor-element elementor-element-e1a667c gallery-spacing-custom elementor-widget elementor-widget-image-gallery\" data-id=\"e1a667c\" data-element_type=\"widget\" data-e-type=\"widget\" data-widget_type=\"image-gallery.default\">\n\t\t\t\t<div class=\"elementor-widget-container\">\n\t\t\t\t\t\t\t<div class=\"elementor-image-gallery\">\n\t\t\t<div id='gallery-1' class='gallery galleryid-6309 gallery-columns-3 gallery-size-shop_catalog'><figure class='gallery-item'>\n\t\t\t<div class='gallery-icon landscape'>\n\t\t\t\t<a data-elementor-open-lightbox=\"yes\" data-elementor-lightbox-slideshow=\"e1a667c\" data-elementor-lightbox-title=\"packaging-aceites-cazorla\" data-e-action-hash=\"#elementor-action%3Aaction%3Dlightbox%26settings%3DeyJpZCI6MTMxMCwidXJsIjoiaHR0cHM6XC9cL29sZW90b3VyY2F6b3JsYS5jb21cL3dwLWNvbnRlbnRcL3VwbG9hZHNcL3BhY2thZ2luZy1hY2VpdGVzLWNhem9ybGEuanBnIiwic2xpZGVzaG93IjoiZTFhNjY3YyJ9\" href='https:\/\/oleotourcazorla.com\/wp-content\/uploads\/packaging-aceites-cazorla.jpg'><img fetchpriority=\"high\" decoding=\"async\" width=\"1000\" height=\"853\" src=\"https:\/\/oleotourcazorla.com\/wp-content\/uploads\/packaging-aceites-cazorla-1000x853.jpg\" class=\"attachment-shop_catalog size-shop_catalog\" alt=\"\" \/><\/a>\n\t\t\t<\/div><\/figure><figure class='gallery-item'>\n\t\t\t<div class='gallery-icon landscape'>\n\t\t\t\t<a data-elementor-open-lightbox=\"yes\" data-elementor-lightbox-slideshow=\"e1a667c\" data-elementor-lightbox-title=\"llenado-aceites-sierra-cazorla\" data-e-action-hash=\"#elementor-action%3Aaction%3Dlightbox%26settings%3DeyJpZCI6MTMwOCwidXJsIjoiaHR0cHM6XC9cL29sZW90b3VyY2F6b3JsYS5jb21cL3dwLWNvbnRlbnRcL3VwbG9hZHNcL2xsZW5hZG8tYWNlaXRlcy1zaWVycmEtY2F6b3JsYS5qcGciLCJzbGlkZXNob3ciOiJlMWE2NjdjIn0%3D\" href='https:\/\/oleotourcazorla.com\/wp-content\/uploads\/llenado-aceites-sierra-cazorla.jpg'><img decoding=\"async\" width=\"1000\" height=\"853\" src=\"https:\/\/oleotourcazorla.com\/wp-content\/uploads\/llenado-aceites-sierra-cazorla-1000x853.jpg\" class=\"attachment-shop_catalog size-shop_catalog\" alt=\"\" \/><\/a>\n\t\t\t<\/div><\/figure><figure class='gallery-item'>\n\t\t\t<div class='gallery-icon landscape'>\n\t\t\t\t<a data-elementor-open-lightbox=\"yes\" data-elementor-lightbox-slideshow=\"e1a667c\" data-elementor-lightbox-title=\"llenado-aceites-cazorla\" data-e-action-hash=\"#elementor-action%3Aaction%3Dlightbox%26settings%3DeyJpZCI6MTMwNiwidXJsIjoiaHR0cHM6XC9cL29sZW90b3VyY2F6b3JsYS5jb21cL3dwLWNvbnRlbnRcL3VwbG9hZHNcL2xsZW5hZG8tYWNlaXRlcy1jYXpvcmxhLmpwZyIsInNsaWRlc2hvdyI6ImUxYTY2N2MifQ%3D%3D\" href='https:\/\/oleotourcazorla.com\/wp-content\/uploads\/llenado-aceites-cazorla.jpg'><img decoding=\"async\" width=\"1000\" height=\"853\" src=\"https:\/\/oleotourcazorla.com\/wp-content\/uploads\/llenado-aceites-cazorla-1000x853.jpg\" class=\"attachment-shop_catalog size-shop_catalog\" alt=\"\" \/><\/a>\n\t\t\t<\/div><\/figure><figure class='gallery-item'>\n\t\t\t<div class='gallery-icon landscape'>\n\t\t\t\t<a data-elementor-open-lightbox=\"yes\" data-elementor-lightbox-slideshow=\"e1a667c\" data-elementor-lightbox-title=\"linea-envasado-oleotour-cazorla\" data-e-action-hash=\"#elementor-action%3Aaction%3Dlightbox%26settings%3DeyJpZCI6MTMwNCwidXJsIjoiaHR0cHM6XC9cL29sZW90b3VyY2F6b3JsYS5jb21cL3dwLWNvbnRlbnRcL3VwbG9hZHNcL2xpbmVhLWVudmFzYWRvLW9sZW90b3VyLWNhem9ybGEuanBnIiwic2xpZGVzaG93IjoiZTFhNjY3YyJ9\" href='https:\/\/oleotourcazorla.com\/wp-content\/uploads\/linea-envasado-oleotour-cazorla.jpg'><img loading=\"lazy\" decoding=\"async\" width=\"1000\" height=\"853\" src=\"https:\/\/oleotourcazorla.com\/wp-content\/uploads\/linea-envasado-oleotour-cazorla-1000x853.jpg\" class=\"attachment-shop_catalog size-shop_catalog\" alt=\"\" \/><\/a>\n\t\t\t<\/div><\/figure><figure class='gallery-item'>\n\t\t\t<div class='gallery-icon landscape'>\n\t\t\t\t<a data-elementor-open-lightbox=\"yes\" data-elementor-lightbox-slideshow=\"e1a667c\" data-elementor-lightbox-title=\"linea-envasado-aceites-cazorla\" data-e-action-hash=\"#elementor-action%3Aaction%3Dlightbox%26settings%3DeyJpZCI6MTMwMiwidXJsIjoiaHR0cHM6XC9cL29sZW90b3VyY2F6b3JsYS5jb21cL3dwLWNvbnRlbnRcL3VwbG9hZHNcL2xpbmVhLWVudmFzYWRvLWFjZWl0ZXMtY2F6b3JsYS5qcGciLCJzbGlkZXNob3ciOiJlMWE2NjdjIn0%3D\" href='https:\/\/oleotourcazorla.com\/wp-content\/uploads\/linea-envasado-aceites-cazorla.jpg'><img loading=\"lazy\" decoding=\"async\" width=\"1000\" height=\"853\" src=\"https:\/\/oleotourcazorla.com\/wp-content\/uploads\/linea-envasado-aceites-cazorla-1000x853.jpg\" class=\"attachment-shop_catalog size-shop_catalog\" alt=\"\" \/><\/a>\n\t\t\t<\/div><\/figure><figure class='gallery-item'>\n\t\t\t<div class='gallery-icon landscape'>\n\t\t\t\t<a data-elementor-open-lightbox=\"yes\" data-elementor-lightbox-slideshow=\"e1a667c\" data-elementor-lightbox-title=\"etiquetado-aceites-cazorla\" data-e-action-hash=\"#elementor-action%3Aaction%3Dlightbox%26settings%3DeyJpZCI6MTI5OCwidXJsIjoiaHR0cHM6XC9cL29sZW90b3VyY2F6b3JsYS5jb21cL3dwLWNvbnRlbnRcL3VwbG9hZHNcL2V0aXF1ZXRhZG8tYWNlaXRlcy1jYXpvcmxhLmpwZyIsInNsaWRlc2hvdyI6ImUxYTY2N2MifQ%3D%3D\" href='https:\/\/oleotourcazorla.com\/wp-content\/uploads\/etiquetado-aceites-cazorla.jpg'><img loading=\"lazy\" decoding=\"async\" width=\"1000\" height=\"853\" src=\"https:\/\/oleotourcazorla.com\/wp-content\/uploads\/etiquetado-aceites-cazorla-1000x853.jpg\" class=\"attachment-shop_catalog size-shop_catalog\" alt=\"\" \/><\/a>\n\t\t\t<\/div><\/figure><figure class='gallery-item'>\n\t\t\t<div class='gallery-icon landscape'>\n\t\t\t\t<a data-elementor-open-lightbox=\"yes\" data-elementor-lightbox-slideshow=\"e1a667c\" data-elementor-lightbox-title=\"envasadora-acietescazorla\" data-e-action-hash=\"#elementor-action%3Aaction%3Dlightbox%26settings%3DeyJpZCI6MTI5NiwidXJsIjoiaHR0cHM6XC9cL29sZW90b3VyY2F6b3JsYS5jb21cL3dwLWNvbnRlbnRcL3VwbG9hZHNcL2VudmFzYWRvcmEtYWNpZXRlc2Nhem9ybGEuanBnIiwic2xpZGVzaG93IjoiZTFhNjY3YyJ9\" href='https:\/\/oleotourcazorla.com\/wp-content\/uploads\/envasadora-acietescazorla.jpg'><img loading=\"lazy\" decoding=\"async\" width=\"1000\" height=\"853\" src=\"https:\/\/oleotourcazorla.com\/wp-content\/uploads\/envasadora-acietescazorla-1000x853.jpg\" class=\"attachment-shop_catalog size-shop_catalog\" alt=\"\" \/><\/a>\n\t\t\t<\/div><\/figure><figure class='gallery-item'>\n\t\t\t<div class='gallery-icon landscape'>\n\t\t\t\t<a data-elementor-open-lightbox=\"yes\" data-elementor-lightbox-slideshow=\"e1a667c\" data-elementor-lightbox-title=\"comercializaci\u00f3n-aceites-cazorla\" data-e-action-hash=\"#elementor-action%3Aaction%3Dlightbox%26settings%3DeyJpZCI6MTI5MiwidXJsIjoiaHR0cHM6XC9cL29sZW90b3VyY2F6b3JsYS5jb21cL3dwLWNvbnRlbnRcL3VwbG9hZHNcL2NvbWVyY2lhbGl6YWNpb24tYWNlaXRlcy1jYXpvcmxhLmpwZyIsInNsaWRlc2hvdyI6ImUxYTY2N2MifQ%3D%3D\" href='https:\/\/oleotourcazorla.com\/wp-content\/uploads\/comercializacion-aceites-cazorla.jpg'><img loading=\"lazy\" decoding=\"async\" width=\"1000\" height=\"853\" src=\"https:\/\/oleotourcazorla.com\/wp-content\/uploads\/comercializacion-aceites-cazorla-1000x853.jpg\" class=\"attachment-shop_catalog size-shop_catalog\" alt=\"\" \/><\/a>\n\t\t\t<\/div><\/figure><figure class='gallery-item'>\n\t\t\t<div class='gallery-icon landscape'>\n\t\t\t\t<a data-elementor-open-lightbox=\"yes\" data-elementor-lightbox-slideshow=\"e1a667c\" data-elementor-lightbox-title=\"bodega-envasadora-aceites-cazorla\" data-e-action-hash=\"#elementor-action%3Aaction%3Dlightbox%26settings%3DeyJpZCI6MTI5MCwidXJsIjoiaHR0cHM6XC9cL29sZW90b3VyY2F6b3JsYS5jb21cL3dwLWNvbnRlbnRcL3VwbG9hZHNcL2JvZGVnYS1lbnZhc2Fkb3JhLWFjZWl0ZXMtY2F6b3JsYS5qcGciLCJzbGlkZXNob3ciOiJlMWE2NjdjIn0%3D\" href='https:\/\/oleotourcazorla.com\/wp-content\/uploads\/bodega-envasadora-aceites-cazorla.jpg'><img loading=\"lazy\" decoding=\"async\" width=\"1000\" height=\"853\" src=\"https:\/\/oleotourcazorla.com\/wp-content\/uploads\/bodega-envasadora-aceites-cazorla-1000x853.jpg\" class=\"attachment-shop_catalog size-shop_catalog\" alt=\"\" \/><\/a>\n\t\t\t<\/div><\/figure>\n\t\t<\/div>\n\t\t<\/div>\n\t\t\t\t\t\t<\/div>\n\t\t\t\t<\/div>\n\t\t\t\t\t<\/div>\n\t\t<\/div>\n\t\t\t\t\t<\/div>\n\t\t<\/section>\n\t\t\t\t<\/div>\n\t\t","protected":false},"excerpt":{"rendered":"<p>Packaging Ici, vous pouvez voir l&rsquo;aboutissement d&rsquo;un processus qui a commenc\u00e9 sur le terrain et se termine avec le produit d\u00e9j\u00e0 mis en bouteille et \u00e9tiquet\u00e9, pr\u00eat \u00e0 \u00eatre commercialis\u00e9. Pour cela, nous disposons de deux lignes de conditionnement sophistiqu\u00e9es capables de conditionner plus de 5000 litres\/heure pour satisfaire la demande de nos clients, tant [&hellip;]<\/p>\n","protected":false},"author":1,"featured_media":0,"parent":0,"menu_order":0,"comment_status":"closed","ping_status":"closed","template":"","meta":{"ocean_post_layout":"","ocean_both_sidebars_style":"","ocean_both_sidebars_content_width":0,"ocean_both_sidebars_sidebars_width":0,"ocean_sidebar":"0","ocean_second_sidebar":"0","ocean_disable_margins":"enable","ocean_add_body_class":"","ocean_shortcode_before_top_bar":"","ocean_shortcode_after_top_bar":"","ocean_shortcode_before_header":"","ocean_shortcode_after_header":"","ocean_has_shortcode":"","ocean_shortcode_after_title":"","ocean_shortcode_before_footer_widgets":"","ocean_shortcode_after_footer_widgets":"","ocean_shortcode_before_footer_bottom":"","ocean_shortcode_after_footer_bottom":"","ocean_display_top_bar":"default","ocean_display_header":"default","ocean_header_style":"","ocean_center_header_left_menu":"0","ocean_custom_header_template":"0","ocean_custom_logo":0,"ocean_custom_retina_logo":0,"ocean_custom_logo_max_width":0,"ocean_custom_logo_tablet_max_width":0,"ocean_custom_logo_mobile_max_width":0,"ocean_custom_logo_max_height":0,"ocean_custom_logo_tablet_max_height":0,"ocean_custom_logo_mobile_max_height":0,"ocean_header_custom_menu":"0","ocean_menu_typo_font_family":"0","ocean_menu_typo_font_subset":"","ocean_menu_typo_font_size":0,"ocean_menu_typo_font_size_tablet":0,"ocean_menu_typo_font_size_mobile":0,"ocean_menu_typo_font_size_unit":"px","ocean_menu_typo_font_weight":"","ocean_menu_typo_font_weight_tablet":"","ocean_menu_typo_font_weight_mobile":"","ocean_menu_typo_transform":"","ocean_menu_typo_transform_tablet":"","ocean_menu_typo_transform_mobile":"","ocean_menu_typo_line_height":0,"ocean_menu_typo_line_height_tablet":0,"ocean_menu_typo_line_height_mobile":0,"ocean_menu_typo_line_height_unit":"","ocean_menu_typo_spacing":0,"ocean_menu_typo_spacing_tablet":0,"ocean_menu_typo_spacing_mobile":0,"ocean_menu_typo_spacing_unit":"","ocean_menu_link_color":"","ocean_menu_link_color_hover":"","ocean_menu_link_color_active":"","ocean_menu_link_background":"","ocean_menu_link_hover_background":"","ocean_menu_link_active_background":"","ocean_menu_social_links_bg":"","ocean_menu_social_hover_links_bg":"","ocean_menu_social_links_color":"","ocean_menu_social_hover_links_color":"","ocean_disable_title":"default","ocean_disable_heading":"default","ocean_post_title":"","ocean_post_subheading":"","ocean_post_title_style":"","ocean_post_title_background_color":"","ocean_post_title_background":0,"ocean_post_title_bg_image_position":"","ocean_post_title_bg_image_attachment":"","ocean_post_title_bg_image_repeat":"","ocean_post_title_bg_image_size":"","ocean_post_title_height":0,"ocean_post_title_bg_overlay":0.5,"ocean_post_title_bg_overlay_color":"","ocean_disable_breadcrumbs":"default","ocean_breadcrumbs_color":"","ocean_breadcrumbs_separator_color":"","ocean_breadcrumbs_links_color":"","ocean_breadcrumbs_links_hover_color":"","ocean_display_footer_widgets":"default","ocean_display_footer_bottom":"default","ocean_custom_footer_template":"0","osh_disable_topbar_sticky":"default","osh_disable_header_sticky":"default","osh_sticky_header_style":"default","osh_sticky_header_effect":"","osh_custom_sticky_logo":0,"osh_custom_retina_sticky_logo":0,"osh_custom_sticky_logo_height":0,"osh_background_color":"","osh_links_color":"","osh_links_hover_color":"","osh_links_active_color":"","osh_links_bg_color":"","osh_links_hover_bg_color":"","osh_links_active_bg_color":"","osh_menu_social_links_color":"","osh_menu_social_hover_links_color":"","_joinchat":[],"footnotes":""},"class_list":["post-6309","page","type-page","status-publish","hentry","entry","owp-thumbs-layout-horizontal","owp-btn-very-big","owp-tabs-layout-section","has-no-thumbnails","has-product-nav"],"_links":{"self":[{"href":"https:\/\/oleotourcazorla.com\/fr\/wp-json\/wp\/v2\/pages\/6309","targetHints":{"allow":["GET"]}}],"collection":[{"href":"https:\/\/oleotourcazorla.com\/fr\/wp-json\/wp\/v2\/pages"}],"about":[{"href":"https:\/\/oleotourcazorla.com\/fr\/wp-json\/wp\/v2\/types\/page"}],"author":[{"embeddable":true,"href":"https:\/\/oleotourcazorla.com\/fr\/wp-json\/wp\/v2\/users\/1"}],"replies":[{"embeddable":true,"href":"https:\/\/oleotourcazorla.com\/fr\/wp-json\/wp\/v2\/comments?post=6309"}],"version-history":[{"count":3,"href":"https:\/\/oleotourcazorla.com\/fr\/wp-json\/wp\/v2\/pages\/6309\/revisions"}],"predecessor-version":[{"id":6312,"href":"https:\/\/oleotourcazorla.com\/fr\/wp-json\/wp\/v2\/pages\/6309\/revisions\/6312"}],"wp:attachment":[{"href":"https:\/\/oleotourcazorla.com\/fr\/wp-json\/wp\/v2\/media?parent=6309"}],"curies":[{"name":"wp","href":"https:\/\/api.w.org\/{rel}","templated":true}]}}